{"id":7,"date":"2024-03-06T13:11:54","date_gmt":"2024-03-06T13:11:54","guid":{"rendered":"https:\/\/www.vmcb.ch\/?page_id=7"},"modified":"2024-03-14T22:33:44","modified_gmt":"2024-03-14T21:33:44","slug":"news","status":"publish","type":"page","link":"https:\/\/www.vmcb.ch\/?page_id=7","title":{"rendered":"News"},"content":{"rendered":"\n<div class=\"wp-block-query is-layout-flow wp-block-query-is-layout-flow\"><ul class=\"wp-block-post-template is-layout-flow wp-block-post-template-is-layout-flow\"><li class=\"wp-block-post post-1228 post type-post status-publish format-standard hentry category-news\">\n<div class=\"wp-block-post-date\"><time datetime=\"2026-04-12T22:41:50+02:00\">12. April 2026<\/time><\/div>\n\n<h2 class=\"wp-block-post-title\"><a href=\"https:\/\/www.vmcb.ch\/?p=1228\" target=\"_self\" >Waldlauf 2026 (1. TFM)<\/a><\/h2>\n\n\n\n<div class=\"wp-block-post-excerpt\"><p class=\"wp-block-post-excerpt__excerpt\">Nachdem der Samstag bei bestem Wetter f\u00fcr eine Club-Ausfahrt genutzt werden konnte, schn\u00fcrten sich am Sonntag vier tapfere Hobbyl\u00e4ufer die Laufschuhe. Zusammen mit Laszlo, heuer als Zeitnehmer engagiert, traf sich das Quintett um 9 Uhr beim Restaurant Hard und begab sich zum Startpunkt der Rundstrecke. Der n\u00e4chtliche und weiterhin anhaltende Regen vermag die Wege zwar&hellip; <\/p><\/div>\n\n\n<hr class=\"wp-block-separator has-css-opacity\"\/>\n\n<\/li><li class=\"wp-block-post post-1224 post type-post status-publish format-standard hentry category-news\">\n<div class=\"wp-block-post-date\"><time datetime=\"2026-03-25T22:23:58+01:00\">25. M\u00e4rz 2026<\/time><\/div>\n\n<h2 class=\"wp-block-post-title\"><a href=\"https:\/\/www.vmcb.ch\/?p=1224\" target=\"_self\" >Jahresprogramm 2026<\/a><\/h2>\n\n\n\n<div class=\"wp-block-post-excerpt\"><p class=\"wp-block-post-excerpt__excerpt\">Anl\u00e4sslich der vergangenen Generalversammlung wurde den anwesenden Mitgliedern das Jahresprogramm 2026 vorgestellt. Inzwischen sind alle Daten auch im Google-Kalender hinterlegt. <\/p><\/div>\n\n\n<hr class=\"wp-block-separator has-css-opacity\"\/>\n\n<\/li><li class=\"wp-block-post post-1220 post type-post status-publish format-standard hentry category-news\">\n<div class=\"wp-block-post-date\"><time datetime=\"2026-03-25T22:19:03+01:00\">25. M\u00e4rz 2026<\/time><\/div>\n\n<h2 class=\"wp-block-post-title\"><a href=\"https:\/\/www.vmcb.ch\/?p=1220\" target=\"_self\" >Generalversammlung 2026<\/a><\/h2>\n\n\n\n<div class=\"wp-block-post-excerpt\"><p class=\"wp-block-post-excerpt__excerpt\">Am 14. M\u00e4rz fand die 129. Generalversammlung unseres Vereins in der Landhus-Remise in Allschwil statt. In famili\u00e4rem Rahmen konnte der Pflichtteil rasch abgearbeitet werden, so dass f\u00fcr den gem\u00fctlichen Teil, dem Nachtessen und den Gespr\u00e4chen, noch gen\u00fcgend Zeit \u00fcbrig blieb. Hans H\u00e4nzi, Vize-Pr\u00e4sident und langj\u00e4hriges (Vorstands-) Mitglied gab bereits im Vorfeld seine Demission bekannt. Ihm&hellip; <\/p><\/div>\n\n\n<hr class=\"wp-block-separator has-css-opacity\"\/>\n\n<\/li><li class=\"wp-block-post post-1208 post type-post status-publish format-standard hentry category-news\">\n<div class=\"wp-block-post-date\"><time datetime=\"2025-11-12T22:47:17+01:00\">12. November 2025<\/time><\/div>\n\n<h2 class=\"wp-block-post-title\"><a href=\"https:\/\/www.vmcb.ch\/?p=1208\" target=\"_self\" >Herbstbummel<\/a><\/h2>\n\n\n\n<div class=\"wp-block-post-excerpt\"><p class=\"wp-block-post-excerpt__excerpt\">Am vergangenen Samstag trafen sich die VMCler inklusive Angeh\u00f6rige zum gem\u00fctlichen Herbstbummel. Treffpunkt war die Tramhaltestelle Eglisee und die Strecke f\u00fchrte durch die Lange Ehrlen der Wiese entlang bis zum Naturbad in Riehen. Bei den Ping-Pong-Tischen wurde ein Ap\u00e9ro offeriert und zum Tischtennis-Turnier eingeladen. Zeit f\u00fcr ein wenig Bewegung und ungezwungene Gespr\u00e4che. Auch das Wetter&hellip; <\/p><\/div>\n\n\n<hr class=\"wp-block-separator has-css-opacity\"\/>\n\n<\/li><li class=\"wp-block-post post-1205 post type-post status-publish format-standard hentry category-news\">\n<div class=\"wp-block-post-date\"><time datetime=\"2025-10-13T23:42:41+02:00\">13. Oktober 2025<\/time><\/div>\n\n<h2 class=\"wp-block-post-title\"><a href=\"https:\/\/www.vmcb.ch\/?p=1205\" target=\"_self\" >Samstagsausfahrt Adelhausen<\/a><\/h2>\n\n\n\n<div class=\"wp-block-post-excerpt\"><p class=\"wp-block-post-excerpt__excerpt\">Der Herbst zeigte sich am vergangenen Samstag von seiner sch\u00f6nen Seite. Grund genug, das Rennrad nochmals von der Trainingsrolle zu nehmen und sich auf den Asphalt zu wagen. Laszlo hat einmal mehr eine Strecke zusammengestellt und machte sich, zusammen mit Piero und Christian, p\u00fcnktlich um 11 Uhr auf den Weg. Dieser f\u00fchrte nach Riehen und&hellip; <\/p><\/div>\n\n\n<hr class=\"wp-block-separator has-css-opacity\"\/>\n\n<\/li><li class=\"wp-block-post post-1201 post type-post status-publish format-standard hentry category-news\">\n<div class=\"wp-block-post-date\"><time datetime=\"2025-09-22T23:24:18+02:00\">22. September 2025<\/time><\/div>\n\n<h2 class=\"wp-block-post-title\"><a href=\"https:\/\/www.vmcb.ch\/?p=1201\" target=\"_self\" >Grand Prix (5. TFM)<\/a><\/h2>\n\n\n\n<div class=\"wp-block-post-excerpt\"><p class=\"wp-block-post-excerpt__excerpt\">Trocken und erstaunlich warm war es am vergangenen Sonntag in M\u00f6hlin. Ideales Wetter f\u00fcr den VMCB Grand Prix, dem letzten Wertungslauf der Saison. F\u00fcnf Teilnehmer stellten sich der Herausforderung, die Rundstrecke in M\u00f6hlin sechs mal zu bew\u00e4ltigen. F\u00fcr Patrick war es die erste Teilnahme an diesem Format, die andern vier kannten den Ablauf bereits in-&hellip; <\/p><\/div>\n\n\n<hr class=\"wp-block-separator has-css-opacity\"\/>\n\n<\/li><\/ul><\/div>\n\n\n\n<p><\/p>\n\n\n<ul class=\"wp-block-archives-list wp-block-archives\">\t<li><a href='https:\/\/www.vmcb.ch\/?m=202604'>April 2026<\/a><\/li>\n\t<li><a href='https:\/\/www.vmcb.ch\/?m=202603'>M\u00e4rz 2026<\/a><\/li>\n\t<li><a href='https:\/\/www.vmcb.ch\/?m=202511'>November 2025<\/a><\/li>\n\t<li><a href='https:\/\/www.vmcb.ch\/?m=202510'>Oktober 2025<\/a><\/li>\n\t<li><a href='https:\/\/www.vmcb.ch\/?m=202509'>September 2025<\/a><\/li>\n\t<li><a href='https:\/\/www.vmcb.ch\/?m=202508'>August 2025<\/a><\/li>\n\t<li><a href='https:\/\/www.vmcb.ch\/?m=202506'>Juni 2025<\/a><\/li>\n\t<li><a href='https:\/\/www.vmcb.ch\/?m=202505'>Mai 2025<\/a><\/li>\n\t<li><a href='https:\/\/www.vmcb.ch\/?m=202504'>April 2025<\/a><\/li>\n\t<li><a href='https:\/\/www.vmcb.ch\/?m=202503'>M\u00e4rz 2025<\/a><\/li>\n\t<li><a href='https:\/\/www.vmcb.ch\/?m=202409'>September 2024<\/a><\/li>\n\t<li><a href='https:\/\/www.vmcb.ch\/?m=202408'>August 2024<\/a><\/li>\n\t<li><a href='https:\/\/www.vmcb.ch\/?m=202407'>Juli 2024<\/a><\/li>\n\t<li><a href='https:\/\/www.vmcb.ch\/?m=202406'>Juni 2024<\/a><\/li>\n\t<li><a href='https:\/\/www.vmcb.ch\/?m=202405'>Mai 2024<\/a><\/li>\n\t<li><a href='https:\/\/www.vmcb.ch\/?m=202404'>April 2024<\/a><\/li>\n\t<li><a href='https:\/\/www.vmcb.ch\/?m=202403'>M\u00e4rz 2024<\/a><\/li>\n\t<li><a href='https:\/\/www.vmcb.ch\/?m=202311'>November 2023<\/a><\/li>\n\t<li><a href='https:\/\/www.vmcb.ch\/?m=202303'>M\u00e4rz 2023<\/a><\/li>\n\t<li><a href='https:\/\/www.vmcb.ch\/?m=202302'>Februar 2023<\/a><\/li>\n\t<li><a href='https:\/\/www.vmcb.ch\/?m=202207'>Juli 2022<\/a><\/li>\n\t<li><a href='https:\/\/www.vmcb.ch\/?m=202204'>April 2022<\/a><\/li>\n\t<li><a href='https:\/\/www.vmcb.ch\/?m=202112'>Dezember 2021<\/a><\/li>\n\t<li><a href='https:\/\/www.vmcb.ch\/?m=202109'>September 2021<\/a><\/li>\n\t<li><a href='https:\/\/www.vmcb.ch\/?m=202108'>August 2021<\/a><\/li>\n\t<li><a href='https:\/\/www.vmcb.ch\/?m=202106'>Juni 2021<\/a><\/li>\n\t<li><a href='https:\/\/www.vmcb.ch\/?m=202105'>Mai 2021<\/a><\/li>\n\t<li><a href='https:\/\/www.vmcb.ch\/?m=202103'>M\u00e4rz 2021<\/a><\/li>\n\t<li><a href='https:\/\/www.vmcb.ch\/?m=202009'>September 2020<\/a><\/li>\n\t<li><a href='https:\/\/www.vmcb.ch\/?m=202008'>August 2020<\/a><\/li>\n\t<li><a href='https:\/\/www.vmcb.ch\/?m=202007'>Juli 2020<\/a><\/li>\n\t<li><a href='https:\/\/www.vmcb.ch\/?m=202006'>Juni 2020<\/a><\/li>\n\t<li><a href='https:\/\/www.vmcb.ch\/?m=202004'>April 2020<\/a><\/li>\n\t<li><a href='https:\/\/www.vmcb.ch\/?m=202003'>M\u00e4rz 2020<\/a><\/li>\n\t<li><a href='https:\/\/www.vmcb.ch\/?m=202002'>Februar 2020<\/a><\/li>\n\t<li><a href='https:\/\/www.vmcb.ch\/?m=201910'>Oktober 2019<\/a><\/li>\n\t<li><a href='https:\/\/www.vmcb.ch\/?m=201909'>September 2019<\/a><\/li>\n\t<li><a href='https:\/\/www.vmcb.ch\/?m=201908'>August 2019<\/a><\/li>\n\t<li><a href='https:\/\/www.vmcb.ch\/?m=201907'>Juli 2019<\/a><\/li>\n\t<li><a href='https:\/\/www.vmcb.ch\/?m=201906'>Juni 2019<\/a><\/li>\n\t<li><a href='https:\/\/www.vmcb.ch\/?m=201904'>April 2019<\/a><\/li>\n\t<li><a href='https:\/\/www.vmcb.ch\/?m=201903'>M\u00e4rz 2019<\/a><\/li>\n\t<li><a href='https:\/\/www.vmcb.ch\/?m=201902'>Februar 2019<\/a><\/li>\n\t<li><a href='https:\/\/www.vmcb.ch\/?m=201812'>Dezember 2018<\/a><\/li>\n\t<li><a href='https:\/\/www.vmcb.ch\/?m=201811'>November 2018<\/a><\/li>\n\t<li><a href='https:\/\/www.vmcb.ch\/?m=201809'>September 2018<\/a><\/li>\n\t<li><a href='https:\/\/www.vmcb.ch\/?m=201808'>August 2018<\/a><\/li>\n\t<li><a href='https:\/\/www.vmcb.ch\/?m=201806'>Juni 2018<\/a><\/li>\n\t<li><a href='https:\/\/www.vmcb.ch\/?m=201805'>Mai 2018<\/a><\/li>\n\t<li><a href='https:\/\/www.vmcb.ch\/?m=201804'>April 2018<\/a><\/li>\n\t<li><a href='https:\/\/www.vmcb.ch\/?m=201803'>M\u00e4rz 2018<\/a><\/li>\n\t<li><a href='https:\/\/www.vmcb.ch\/?m=201710'>Oktober 2017<\/a><\/li>\n\t<li><a href='https:\/\/www.vmcb.ch\/?m=201709'>September 2017<\/a><\/li>\n\t<li><a href='https:\/\/www.vmcb.ch\/?m=201708'>August 2017<\/a><\/li>\n\t<li><a href='https:\/\/www.vmcb.ch\/?m=201706'>Juni 2017<\/a><\/li>\n\t<li><a href='https:\/\/www.vmcb.ch\/?m=201705'>Mai 2017<\/a><\/li>\n\t<li><a href='https:\/\/www.vmcb.ch\/?m=201704'>April 2017<\/a><\/li>\n\t<li><a href='https:\/\/www.vmcb.ch\/?m=201703'>M\u00e4rz 2017<\/a><\/li>\n\t<li><a href='https:\/\/www.vmcb.ch\/?m=201702'>Februar 2017<\/a><\/li>\n\t<li><a href='https:\/\/www.vmcb.ch\/?m=201701'>Januar 2017<\/a><\/li>\n\t<li><a href='https:\/\/www.vmcb.ch\/?m=201610'>Oktober 2016<\/a><\/li>\n\t<li><a href='https:\/\/www.vmcb.ch\/?m=201609'>September 2016<\/a><\/li>\n\t<li><a href='https:\/\/www.vmcb.ch\/?m=201608'>August 2016<\/a><\/li>\n\t<li><a href='https:\/\/www.vmcb.ch\/?m=201607'>Juli 2016<\/a><\/li>\n\t<li><a href='https:\/\/www.vmcb.ch\/?m=201606'>Juni 2016<\/a><\/li>\n\t<li><a href='https:\/\/www.vmcb.ch\/?m=201605'>Mai 2016<\/a><\/li>\n\t<li><a href='https:\/\/www.vmcb.ch\/?m=201604'>April 2016<\/a><\/li>\n\t<li><a href='https:\/\/www.vmcb.ch\/?m=201603'>M\u00e4rz 2016<\/a><\/li>\n\t<li><a href='https:\/\/www.vmcb.ch\/?m=201602'>Februar 2016<\/a><\/li>\n\t<li><a href='https:\/\/www.vmcb.ch\/?m=201512'>Dezember 2015<\/a><\/li>\n\t<li><a href='https:\/\/www.vmcb.ch\/?m=201510'>Oktober 2015<\/a><\/li>\n\t<li><a href='https:\/\/www.vmcb.ch\/?m=201509'>September 2015<\/a><\/li>\n\t<li><a href='https:\/\/www.vmcb.ch\/?m=201508'>August 2015<\/a><\/li>\n\t<li><a href='https:\/\/www.vmcb.ch\/?m=201507'>Juli 2015<\/a><\/li>\n\t<li><a href='https:\/\/www.vmcb.ch\/?m=201506'>Juni 2015<\/a><\/li>\n\t<li><a href='https:\/\/www.vmcb.ch\/?m=201505'>Mai 2015<\/a><\/li>\n\t<li><a href='https:\/\/www.vmcb.ch\/?m=201504'>April 2015<\/a><\/li>\n\t<li><a href='https:\/\/www.vmcb.ch\/?m=201503'>M\u00e4rz 2015<\/a><\/li>\n\t<li><a href='https:\/\/www.vmcb.ch\/?m=201502'>Februar 2015<\/a><\/li>\n\t<li><a href='https:\/\/www.vmcb.ch\/?m=201501'>Januar 2015<\/a><\/li>\n\t<li><a href='https:\/\/www.vmcb.ch\/?m=201412'>Dezember 2014<\/a><\/li>\n\t<li><a href='https:\/\/www.vmcb.ch\/?m=201411'>November 2014<\/a><\/li>\n\t<li><a href='https:\/\/www.vmcb.ch\/?m=201410'>Oktober 2014<\/a><\/li>\n<\/ul>","protected":false},"excerpt":{"rendered":"","protected":false},"author":1,"featured_media":0,"parent":0,"menu_order":0,"comment_status":"closed","ping_status":"closed","template":"","meta":{"footnotes":""},"class_list":["post-7","page","type-page","status-publish","hentry"],"jetpack_sharing_enabled":true,"_links":{"self":[{"href":"https:\/\/www.vmcb.ch\/index.php?rest_route=\/wp\/v2\/pages\/7","targetHints":{"allow":["GET"]}}],"collection":[{"href":"https:\/\/www.vmcb.ch\/index.php?rest_route=\/wp\/v2\/pages"}],"about":[{"href":"https:\/\/www.vmcb.ch\/index.php?rest_route=\/wp\/v2\/types\/page"}],"author":[{"embeddable":true,"href":"https:\/\/www.vmcb.ch\/index.php?rest_route=\/wp\/v2\/users\/1"}],"replies":[{"embeddable":true,"href":"https:\/\/www.vmcb.ch\/index.php?rest_route=%2Fwp%2Fv2%2Fcomments&post=7"}],"version-history":[{"count":9,"href":"https:\/\/www.vmcb.ch\/index.php?rest_route=\/wp\/v2\/pages\/7\/revisions"}],"predecessor-version":[{"id":882,"href":"https:\/\/www.vmcb.ch\/index.php?rest_route=\/wp\/v2\/pages\/7\/revisions\/882"}],"wp:attachment":[{"href":"https:\/\/www.vmcb.ch\/index.php?rest_route=%2Fwp%2Fv2%2Fmedia&parent=7"}],"curies":[{"name":"wp","href":"https:\/\/api.w.org\/{rel}","templated":true}]}}