{"id":35,"date":"2024-03-06T16:53:04","date_gmt":"2024-03-06T15:53:04","guid":{"rendered":"https:\/\/www.vmcb.ch\/?page_id=35"},"modified":"2024-03-16T21:19:51","modified_gmt":"2024-03-16T20:19:51","slug":"tourenfahrer","status":"publish","type":"page","link":"https:\/\/www.vmcb.ch\/?page_id=35","title":{"rendered":"Tourenfahrer"},"content":{"rendered":"\n<div class=\"wp-block-columns is-layout-flex wp-container-core-columns-is-layout-9d6595d7 wp-block-columns-is-layout-flex\">\n<div class=\"wp-block-column is-layout-flow wp-block-column-is-layout-flow\">\n<div class=\"wp-block-media-text is-stacked-on-mobile\" style=\"grid-template-columns:40% auto\"><figure class=\"wp-block-media-text__media\"><img loading=\"lazy\" decoding=\"async\" width=\"100\" height=\"140\" src=\"https:\/\/www.vmcb.ch\/wp-content\/uploads\/2024\/03\/portrait_rl.jpg\" alt=\"\" class=\"wp-image-87 size-full\"\/><\/figure><div class=\"wp-block-media-text__content\">\n<p>Rolf<br>L\u00e4sser<\/p>\n<\/div><\/div>\n\n\n\n<div class=\"wp-block-media-text is-stacked-on-mobile\" style=\"grid-template-columns:40% auto\"><figure class=\"wp-block-media-text__media\"><img loading=\"lazy\" decoding=\"async\" width=\"100\" height=\"140\" src=\"https:\/\/www.vmcb.ch\/wp-content\/uploads\/2024\/03\/portrait_st.jpg\" alt=\"\" class=\"wp-image-85 size-full\"\/><\/figure><div class=\"wp-block-media-text__content\">\n<p>Stefan<br>Trenkle<\/p>\n<\/div><\/div>\n\n\n\n<div class=\"wp-block-media-text is-stacked-on-mobile\" style=\"grid-template-columns:40% auto\"><figure class=\"wp-block-media-text__media\"><img loading=\"lazy\" decoding=\"async\" width=\"100\" height=\"140\" src=\"https:\/\/www.vmcb.ch\/wp-content\/uploads\/2024\/03\/portrait_cz.jpg\" alt=\"\" class=\"wp-image-83 size-full\"\/><\/figure><div class=\"wp-block-media-text__content\">\n<p>Christian<br>Z\u00fcger<\/p>\n<\/div><\/div>\n\n\n\n<div class=\"wp-block-media-text is-stacked-on-mobile\" style=\"grid-template-columns:40% auto\"><figure class=\"wp-block-media-text__media\"><img loading=\"lazy\" decoding=\"async\" width=\"100\" height=\"140\" src=\"https:\/\/www.vmcb.ch\/wp-content\/uploads\/2024\/03\/portrait_mm.png\" alt=\"\" class=\"wp-image-81 size-full\"\/><\/figure><div class=\"wp-block-media-text__content\">\n<p>Martin<br>Maurer<\/p>\n<\/div><\/div>\n\n\n\n<div class=\"wp-block-media-text is-stacked-on-mobile\" style=\"grid-template-columns:40% auto\"><figure class=\"wp-block-media-text__media\"><img loading=\"lazy\" decoding=\"async\" width=\"500\" height=\"500\" src=\"https:\/\/www.vmcb.ch\/wp-content\/uploads\/2024\/03\/pm.png\" alt=\"\" class=\"wp-image-889 size-full\" srcset=\"https:\/\/www.vmcb.ch\/wp-content\/uploads\/2024\/03\/pm.png 500w, https:\/\/www.vmcb.ch\/wp-content\/uploads\/2024\/03\/pm-300x300.png 300w, https:\/\/www.vmcb.ch\/wp-content\/uploads\/2024\/03\/pm-150x150.png 150w\" sizes=\"auto, (max-width: 500px) 100vw, 500px\" \/><\/figure><div class=\"wp-block-media-text__content\">\n<p>Piero<br>Mele<\/p>\n<\/div><\/div>\n<\/div>\n\n\n\n<div class=\"wp-block-column is-layout-flow wp-block-column-is-layout-flow\">\n<div class=\"wp-block-media-text is-stacked-on-mobile\" style=\"grid-template-columns:40% auto\"><figure class=\"wp-block-media-text__media\"><img loading=\"lazy\" decoding=\"async\" width=\"100\" height=\"140\" src=\"https:\/\/www.vmcb.ch\/wp-content\/uploads\/2024\/03\/portrait_lm.jpg\" alt=\"\" class=\"wp-image-86 size-full\"\/><\/figure><div class=\"wp-block-media-text__content\">\n<p>Laszlo<br>Madarasi<\/p>\n<\/div><\/div>\n\n\n\n<div class=\"wp-block-media-text is-stacked-on-mobile\" style=\"grid-template-columns:40% auto\"><figure class=\"wp-block-media-text__media\"><img loading=\"lazy\" decoding=\"async\" width=\"100\" height=\"140\" src=\"https:\/\/www.vmcb.ch\/wp-content\/uploads\/2024\/03\/portrait_tl.jpg\" alt=\"\" class=\"wp-image-84 size-full\"\/><\/figure><div class=\"wp-block-media-text__content\">\n<p>Thomas<br>L\u00e4sser<\/p>\n<\/div><\/div>\n\n\n\n<div class=\"wp-block-media-text is-stacked-on-mobile\" style=\"grid-template-columns:40% auto\"><figure class=\"wp-block-media-text__media\"><img loading=\"lazy\" decoding=\"async\" width=\"100\" height=\"140\" src=\"https:\/\/www.vmcb.ch\/wp-content\/uploads\/2024\/03\/portrait_ps.png\" alt=\"\" class=\"wp-image-82 size-full\"\/><\/figure><div class=\"wp-block-media-text__content\">\n<p>Patrick<br>Stern<\/p>\n<\/div><\/div>\n\n\n\n<div class=\"wp-block-media-text is-stacked-on-mobile\" style=\"grid-template-columns:40% auto\"><figure class=\"wp-block-media-text__media\"><img loading=\"lazy\" decoding=\"async\" width=\"500\" height=\"500\" src=\"https:\/\/www.vmcb.ch\/wp-content\/uploads\/2024\/03\/mw.png\" alt=\"\" class=\"wp-image-888 size-full\" srcset=\"https:\/\/www.vmcb.ch\/wp-content\/uploads\/2024\/03\/mw.png 500w, https:\/\/www.vmcb.ch\/wp-content\/uploads\/2024\/03\/mw-300x300.png 300w, https:\/\/www.vmcb.ch\/wp-content\/uploads\/2024\/03\/mw-150x150.png 150w\" sizes=\"auto, (max-width: 500px) 100vw, 500px\" \/><\/figure><div class=\"wp-block-media-text__content\">\n<p>Michael<br>Wilhelm<\/p>\n<\/div><\/div>\n\n\n\n<div class=\"wp-block-media-text is-stacked-on-mobile\" style=\"grid-template-columns:40% auto\"><figure class=\"wp-block-media-text__media\"><img loading=\"lazy\" decoding=\"async\" width=\"500\" height=\"500\" src=\"https:\/\/www.vmcb.ch\/wp-content\/uploads\/2024\/03\/fb.png\" alt=\"\" class=\"wp-image-890 size-full\" srcset=\"https:\/\/www.vmcb.ch\/wp-content\/uploads\/2024\/03\/fb.png 500w, https:\/\/www.vmcb.ch\/wp-content\/uploads\/2024\/03\/fb-300x300.png 300w, https:\/\/www.vmcb.ch\/wp-content\/uploads\/2024\/03\/fb-150x150.png 150w\" sizes=\"auto, (max-width: 500px) 100vw, 500px\" \/><\/figure><div class=\"wp-block-media-text__content\">\n<p>Fabian<br>Brodmann<\/p>\n<\/div><\/div>\n<\/div>\n<\/div>\n\n\n\n<div class=\"wp-block-file\"><a id=\"wp-block-file--media-bf66e3e1-8364-49ec-bfd1-b732ff4418c5\" href=\"https:\/\/www.vmcb.ch\/wp-content\/uploads\/2024\/03\/Erklaerung_CLM_TFM_GP.pdf\">Erkl\u00e4rung zur Club-, Tourenmeisterschaft und dem Grand Prix<\/a><\/div>\n","protected":false},"excerpt":{"rendered":"<p>RolfL\u00e4sser StefanTrenkle ChristianZ\u00fcger MartinMaurer PieroMele LaszloMadarasi ThomasL\u00e4sser PatrickStern MichaelWilhelm FabianBrodmann<\/p>\n","protected":false},"author":1,"featured_media":0,"parent":0,"menu_order":0,"comment_status":"closed","ping_status":"closed","template":"","meta":{"footnotes":""},"class_list":["post-35","page","type-page","status-publish","hentry"],"jetpack_sharing_enabled":true,"_links":{"self":[{"href":"https:\/\/www.vmcb.ch\/index.php?rest_route=\/wp\/v2\/pages\/35","targetHints":{"allow":["GET"]}}],"collection":[{"href":"https:\/\/www.vmcb.ch\/index.php?rest_route=\/wp\/v2\/pages"}],"about":[{"href":"https:\/\/www.vmcb.ch\/index.php?rest_route=\/wp\/v2\/types\/page"}],"author":[{"embeddable":true,"href":"https:\/\/www.vmcb.ch\/index.php?rest_route=\/wp\/v2\/users\/1"}],"replies":[{"embeddable":true,"href":"https:\/\/www.vmcb.ch\/index.php?rest_route=%2Fwp%2Fv2%2Fcomments&post=35"}],"version-history":[{"count":8,"href":"https:\/\/www.vmcb.ch\/index.php?rest_route=\/wp\/v2\/pages\/35\/revisions"}],"predecessor-version":[{"id":891,"href":"https:\/\/www.vmcb.ch\/index.php?rest_route=\/wp\/v2\/pages\/35\/revisions\/891"}],"wp:attachment":[{"href":"https:\/\/www.vmcb.ch\/index.php?rest_route=%2Fwp%2Fv2%2Fmedia&parent=35"}],"curies":[{"name":"wp","href":"https:\/\/api.w.org\/{rel}","templated":true}]}}