{"id":20,"date":"2024-03-06T16:35:07","date_gmt":"2024-03-06T15:35:07","guid":{"rendered":"https:\/\/www.vmcb.ch\/?page_id=20"},"modified":"2024-03-06T16:35:07","modified_gmt":"2024-03-06T15:35:07","slug":"geschichte","status":"publish","type":"page","link":"https:\/\/www.vmcb.ch\/?page_id=20","title":{"rendered":"Geschichte"},"content":{"rendered":"\n<p>Der VMC Birsfelden geh\u00f6rt mit Gr\u00fcndungsjahr 1896 zu den \u00e4ltesten Radsportvereinen der Region Basel. Schon kurz nach der Gr\u00fcndung Mitglied im Basler Kantonalverband, traten die Birsfelder t\u00fcchtig in die Pedale. Fernfahrten, Tourenwettfahrten wie auch Clubrennen belebten den Jahreskalender. Doch neben allem Sportlichen kam auch das gesellige Zusammenleben nicht zu kurz. Preisverteilungen wurden mit Tanz und Musik zelebriert, des Weiteren fanden heitere Abende mit der ganzen Familie statt.<\/p>\n\n\n\n<p>Sportlich gesellten sich zu den Radfahrern in den 1920er Jahren die Radballer hinzu. Noch heute trainieren die Radballer in der Rheinpark-Turnhalle in Birsfelden. An die glorreichen Zeiten vergangener Jahre kann die Sektion jedoch nicht mehr ankn\u00fcpfen.<\/p>\n\n\n\n<p>Etwa zur gleichen Zeit nahm das Rennfahren professionellere Z\u00fcge an. Das Gr\u00fcnden einer Renngruppe f\u00fchrte zu zahlreichen Erfolgen und Pokalgewinnen. So konnte der VMC Birsfelden in seiner Geschichte immer wieder starke Rennfahrer hervorbringen. Erw\u00e4hnt seien hier vor allem die Gebr\u00fcder Wunderlin wie auch Marcel Summermatter und Stefan Mutter. Gemeinsam sorgten sie in den 70er und 80er Jahren f\u00fcr die Musik auf den Strassen.<\/p>\n\n\n\n<p>Ab den 1980er Jahren f\u00fchrte der VMCB ausserdem die sehr beliebte Nordwestschweizer Radrundfahrt durch. Mit einem kleinen Unterbruch hatte dieser Anlass bis ins neue Jahrtausend seinen Platz im Kalender. Danach sanken die Teilnehmerzahlen jedoch so stark, dass der Rundfahrtenbetrieb eingestellt wurde.<\/p>\n\n\n\n<p>Heute besteht der Jahreskalender des VMCB ausgewogen aus sportlichen wie auch gem\u00fctlichen Anl\u00e4ssen. Gemeinsame Ausfahrten wie auch die Teilnahme an der Basler Hobbyfahrermeisterschaft, welche Grundlage zur internen Tourenmeisterschaft bietet, dienen dem sportlichen Kr\u00e4ftemessen. Daneben finden mit Veteranentour, Herrenbummel und Winterbummel auch Events mit weniger sportlichem Charakter statt.<\/p>\n\n\n\n<p>Alles in allem steht noch derselbe Grundsatz im Vordergrund wie zur Gr\u00fcndungszeit: Sportliches mit Gem\u00fctlichem verbinden!<\/p>\n","protected":false},"excerpt":{"rendered":"<p>Der VMC Birsfelden geh\u00f6rt mit Gr\u00fcndungsjahr 1896 zu den \u00e4ltesten Radsportvereinen der Region Basel. Schon kurz nach der Gr\u00fcndung Mitglied im Basler Kantonalverband, traten die Birsfelder t\u00fcchtig in die Pedale. Fernfahrten, Tourenwettfahrten wie auch Clubrennen belebten den Jahreskalender. Doch neben allem Sportlichen kam auch das gesellige Zusammenleben nicht zu kurz. Preisverteilungen wurden mit Tanz und [&hellip;]<\/p>\n","protected":false},"author":1,"featured_media":0,"parent":0,"menu_order":0,"comment_status":"closed","ping_status":"closed","template":"","meta":{"footnotes":""},"class_list":["post-20","page","type-page","status-publish","hentry"],"jetpack_sharing_enabled":true,"_links":{"self":[{"href":"https:\/\/www.vmcb.ch\/index.php?rest_route=\/wp\/v2\/pages\/20","targetHints":{"allow":["GET"]}}],"collection":[{"href":"https:\/\/www.vmcb.ch\/index.php?rest_route=\/wp\/v2\/pages"}],"about":[{"href":"https:\/\/www.vmcb.ch\/index.php?rest_route=\/wp\/v2\/types\/page"}],"author":[{"embeddable":true,"href":"https:\/\/www.vmcb.ch\/index.php?rest_route=\/wp\/v2\/users\/1"}],"replies":[{"embeddable":true,"href":"https:\/\/www.vmcb.ch\/index.php?rest_route=%2Fwp%2Fv2%2Fcomments&post=20"}],"version-history":[{"count":1,"href":"https:\/\/www.vmcb.ch\/index.php?rest_route=\/wp\/v2\/pages\/20\/revisions"}],"predecessor-version":[{"id":21,"href":"https:\/\/www.vmcb.ch\/index.php?rest_route=\/wp\/v2\/pages\/20\/revisions\/21"}],"wp:attachment":[{"href":"https:\/\/www.vmcb.ch\/index.php?rest_route=%2Fwp%2Fv2%2Fmedia&parent=20"}],"curies":[{"name":"wp","href":"https:\/\/api.w.org\/{rel}","templated":true}]}}