{"id":18,"date":"2024-03-06T16:33:31","date_gmt":"2024-03-06T15:33:31","guid":{"rendered":"https:\/\/www.vmcb.ch\/?page_id=18"},"modified":"2026-03-18T22:40:49","modified_gmt":"2026-03-18T21:40:49","slug":"vorstand","status":"publish","type":"page","link":"https:\/\/www.vmcb.ch\/?page_id=18","title":{"rendered":"Vorstand"},"content":{"rendered":"\n<div class=\"wp-block-group\"><div class=\"wp-block-group__inner-container is-layout-constrained wp-block-group-is-layout-constrained\"><\/div><\/div>\n\n\n\n<figure class=\"wp-block-table is-style-stripes\"><table><tbody><tr><td>Pr\u00e4sident<\/td><td>Christian Z\u00fcger<\/td><\/tr><tr><td>Vize-Pr\u00e4sident + Sekret\u00e4r<\/td><td>Laszlo Madarasi<\/td><\/tr><tr><td>Kassier<\/td><td>Heinz L\u00e4sser<\/td><\/tr><tr><td>Protokoll + Material<\/td><td>Piero Mele<\/td><\/tr><tr><td>Ehren-Pr\u00e4sident<\/td><td>Rolf L\u00e4sser<\/td><\/tr><\/tbody><\/table><\/figure>\n","protected":false},"excerpt":{"rendered":"<p>Pr\u00e4sident Christian Z\u00fcger Vize-Pr\u00e4sident + Sekret\u00e4r Laszlo Madarasi Kassier Heinz L\u00e4sser Protokoll + Material Piero Mele Ehren-Pr\u00e4sident Rolf L\u00e4sser<\/p>\n","protected":false},"author":1,"featured_media":0,"parent":0,"menu_order":0,"comment_status":"closed","ping_status":"closed","template":"","meta":{"footnotes":""},"class_list":["post-18","page","type-page","status-publish","hentry"],"jetpack_sharing_enabled":true,"_links":{"self":[{"href":"https:\/\/www.vmcb.ch\/index.php?rest_route=\/wp\/v2\/pages\/18","targetHints":{"allow":["GET"]}}],"collection":[{"href":"https:\/\/www.vmcb.ch\/index.php?rest_route=\/wp\/v2\/pages"}],"about":[{"href":"https:\/\/www.vmcb.ch\/index.php?rest_route=\/wp\/v2\/types\/page"}],"author":[{"embeddable":true,"href":"https:\/\/www.vmcb.ch\/index.php?rest_route=\/wp\/v2\/users\/1"}],"replies":[{"embeddable":true,"href":"https:\/\/www.vmcb.ch\/index.php?rest_route=%2Fwp%2Fv2%2Fcomments&post=18"}],"version-history":[{"count":5,"href":"https:\/\/www.vmcb.ch\/index.php?rest_route=\/wp\/v2\/pages\/18\/revisions"}],"predecessor-version":[{"id":1217,"href":"https:\/\/www.vmcb.ch\/index.php?rest_route=\/wp\/v2\/pages\/18\/revisions\/1217"}],"wp:attachment":[{"href":"https:\/\/www.vmcb.ch\/index.php?rest_route=%2Fwp%2Fv2%2Fmedia&parent=18"}],"curies":[{"name":"wp","href":"https:\/\/api.w.org\/{rel}","templated":true}]}}